{"id":7963,"date":"2022-11-19T15:47:17","date_gmt":"2022-11-19T14:47:17","guid":{"rendered":"https:\/\/crmncollection.com\/?post_type=product&#038;p=7963"},"modified":"2025-11-14T11:47:15","modified_gmt":"2025-11-14T10:47:15","slug":"fari","status":"publish","type":"product","link":"https:\/\/crmncollection.com\/sk\/produkt\/fari\/","title":{"rendered":"Bambusov\u00fd Set FARI"},"content":{"rendered":"<h6>Modelka m\u00e1 ve\u013ekos\u0165 M a v\u00fd\u0161ku 172 cm<\/h6>\n<h6><\/h6>\n<h6>Doba dodania do 14 dn\u00ed<\/h6>\n<p>&nbsp;<\/p>\n<p>&nbsp;<\/p>\n","protected":false},"excerpt":{"rendered":"<p>Set 7\/8 nohav\u00edc s le\u017eern\u00fdm tri\u010dkom je skvel\u00e1 vo\u013eba na chv\u00edle pohodlia. Materi\u00e1l je pr\u00edrodn\u00fd bambus, t\u00e1 m\u00e4kkos\u0165 je znamenit\u00e1. Cozy.<\/p>\n","protected":false},"featured_media":7975,"comment_status":"closed","ping_status":"closed","template":"","meta":[],"product_brand":[],"product_cat":[123,121,119],"product_tag":[],"class_list":{"0":"post-7963","1":"product","2":"type-product","3":"status-publish","4":"has-post-thumbnail","6":"product_cat-sety","7":"product_cat-nohavice","8":"product_cat-tricka","10":"first","11":"outofstock","12":"taxable","13":"shipping-taxable","14":"purchasable","15":"product-type-variable"},"_links":{"self":[{"href":"https:\/\/crmncollection.com\/sk\/wp-json\/wp\/v2\/product\/7963","targetHints":{"allow":["GET"]}}],"collection":[{"href":"https:\/\/crmncollection.com\/sk\/wp-json\/wp\/v2\/product"}],"about":[{"href":"https:\/\/crmncollection.com\/sk\/wp-json\/wp\/v2\/types\/product"}],"replies":[{"embeddable":true,"href":"https:\/\/crmncollection.com\/sk\/wp-json\/wp\/v2\/comments?post=7963"}],"wp:featuredmedia":[{"embeddable":true,"href":"https:\/\/crmncollection.com\/sk\/wp-json\/wp\/v2\/media\/7975"}],"wp:attachment":[{"href":"https:\/\/crmncollection.com\/sk\/wp-json\/wp\/v2\/media?parent=7963"}],"wp:term":[{"taxonomy":"product_brand","embeddable":true,"href":"https:\/\/crmncollection.com\/sk\/wp-json\/wp\/v2\/product_brand?post=7963"},{"taxonomy":"product_cat","embeddable":true,"href":"https:\/\/crmncollection.com\/sk\/wp-json\/wp\/v2\/product_cat?post=7963"},{"taxonomy":"product_tag","embeddable":true,"href":"https:\/\/crmncollection.com\/sk\/wp-json\/wp\/v2\/product_tag?post=7963"}],"curies":[{"name":"wp","href":"https:\/\/api.w.org\/{rel}","templated":true}]}}