{"id":8818,"date":"2024-08-10T07:56:53","date_gmt":"2024-08-10T05:56:53","guid":{"rendered":"https:\/\/crmncollection.com\/?post_type=product&#038;p=8818"},"modified":"2025-12-28T08:45:19","modified_gmt":"2025-12-28T07:45:19","slug":"8818","status":"publish","type":"product","link":"https:\/\/crmncollection.com\/sk\/produkt\/8818\/","title":{"rendered":"Hodv\u00e1bny Nohavicov\u00fd Set LENAN"},"content":{"rendered":"<h6>Modelka m\u00e1 ve\u013ekos\u0165 M a v\u00fd\u0161ku 172 cm<\/h6>\n<h6>Ak si \u017eel\u00e1te zmeni\u0165 d\u013a\u017eku nohav\u00edc, zadajte do pozn\u00e1mky<\/h6>\n<h6>Doba dodania 14 \u00a0pracovn\u00fdch dn\u00ed<\/h6>\n<p>&nbsp;<\/p>\n","protected":false},"excerpt":{"rendered":"<h6><\/h6>\n<p>Set Lenan je origin\u00e1lny, v\u00fdnimo\u010dn\u00fd set s asymetrick\u00fdm \u010dierno bielym lemovan\u00edm. Ko\u0161e\u013ea m\u00e1 kr\u00e1tky ruk\u00e1v, je v \u0161t\u00fdle oversize s hlbok\u00fdm lemovan\u00fdm golierom. Nohavice s\u00fa s gumou v p\u00e1se a \u010dierno bielou man\u017eetou.<\/p>\n<p>L\u00e1tka m\u00e1 origin\u00e1lnu potla\u010d, ru\u010dne p\u00edsan\u00e9 I belong to you, You belong to me alebo alternat\u00edva Love<\/p>\n<p>Tip: Skvel\u00e1 alternat\u00edva na svadobn\u00fd brunch<\/p>\n<p>&nbsp;<\/p>\n<p>&nbsp;<\/p>\n","protected":false},"featured_media":8810,"comment_status":"closed","ping_status":"closed","template":"","meta":[],"product_brand":[],"product_cat":[123,238,69,121],"product_tag":[],"class_list":{"0":"post-8818","1":"product","2":"type-product","3":"status-publish","4":"has-post-thumbnail","6":"product_cat-sety","7":"product_cat-kosele","8":"product_cat-nevesty","9":"product_cat-nohavice","11":"first","12":"outofstock","13":"taxable","14":"shipping-taxable","15":"purchasable","16":"product-type-variable"},"_links":{"self":[{"href":"https:\/\/crmncollection.com\/sk\/wp-json\/wp\/v2\/product\/8818","targetHints":{"allow":["GET"]}}],"collection":[{"href":"https:\/\/crmncollection.com\/sk\/wp-json\/wp\/v2\/product"}],"about":[{"href":"https:\/\/crmncollection.com\/sk\/wp-json\/wp\/v2\/types\/product"}],"replies":[{"embeddable":true,"href":"https:\/\/crmncollection.com\/sk\/wp-json\/wp\/v2\/comments?post=8818"}],"wp:featuredmedia":[{"embeddable":true,"href":"https:\/\/crmncollection.com\/sk\/wp-json\/wp\/v2\/media\/8810"}],"wp:attachment":[{"href":"https:\/\/crmncollection.com\/sk\/wp-json\/wp\/v2\/media?parent=8818"}],"wp:term":[{"taxonomy":"product_brand","embeddable":true,"href":"https:\/\/crmncollection.com\/sk\/wp-json\/wp\/v2\/product_brand?post=8818"},{"taxonomy":"product_cat","embeddable":true,"href":"https:\/\/crmncollection.com\/sk\/wp-json\/wp\/v2\/product_cat?post=8818"},{"taxonomy":"product_tag","embeddable":true,"href":"https:\/\/crmncollection.com\/sk\/wp-json\/wp\/v2\/product_tag?post=8818"}],"curies":[{"name":"wp","href":"https:\/\/api.w.org\/{rel}","templated":true}]}}