{"id":8862,"date":"2024-10-08T18:39:00","date_gmt":"2024-10-08T16:39:00","guid":{"rendered":"https:\/\/crmncollection.com\/?post_type=product&#038;p=8862"},"modified":"2025-04-26T12:11:10","modified_gmt":"2025-04-26T10:11:10","slug":"leine-vest","status":"publish","type":"product","link":"https:\/\/crmncollection.com\/sk\/produkt\/leine-vest\/","title":{"rendered":"\u013danov\u00fd Nohavicov\u00fd Set LEINE"},"content":{"rendered":"<h6>Modelka m\u00e1 ve\u013ekos\u0165 M a v\u00fd\u0161ku 172cm<\/h6>\n<h6>Do pozn\u00e1mky nap\u00ed\u0161te obvod hrudn\u00edka, obvod p\u00e1sa a dl\u017eku nohav\u00edc<\/h6>\n<h6>Doba dodania je do 12 pracovn\u00fdch dn\u00ed<\/h6>\n","protected":false},"excerpt":{"rendered":"<p>Vesta zo setu LEINE je z kvalitn\u00e9ho \u013eanu, je nepod\u0161it\u00e1 a zap\u00edna sa na gomb\u00edk v tvare spony vo farbe ru\u017eov\u00e9ho zlata. Nohavice maj\u00fa dvojradov\u00e9 zap\u00ednanie, vysok\u00fd p\u00e1s a s\u00fa \u0161irok\u00e9ho strihu s man\u017eetou. Spolu s nohavicami tvoria \u0161t\u00fdlov\u00fd set vhodn\u00fd na viacero pr\u00edle\u017eitosti s kombinovateln\u00fd na viacero sp\u00f4sobov<\/p>\n","protected":false},"featured_media":9511,"comment_status":"closed","ping_status":"closed","template":"","meta":[],"product_brand":[],"product_cat":[123,121],"product_tag":[],"class_list":{"0":"post-8862","1":"product","2":"type-product","3":"status-publish","4":"has-post-thumbnail","6":"product_cat-sety","7":"product_cat-nohavice","9":"first","10":"outofstock","11":"taxable","12":"shipping-taxable","13":"purchasable","14":"product-type-variable"},"_links":{"self":[{"href":"https:\/\/crmncollection.com\/sk\/wp-json\/wp\/v2\/product\/8862","targetHints":{"allow":["GET"]}}],"collection":[{"href":"https:\/\/crmncollection.com\/sk\/wp-json\/wp\/v2\/product"}],"about":[{"href":"https:\/\/crmncollection.com\/sk\/wp-json\/wp\/v2\/types\/product"}],"replies":[{"embeddable":true,"href":"https:\/\/crmncollection.com\/sk\/wp-json\/wp\/v2\/comments?post=8862"}],"wp:featuredmedia":[{"embeddable":true,"href":"https:\/\/crmncollection.com\/sk\/wp-json\/wp\/v2\/media\/9511"}],"wp:attachment":[{"href":"https:\/\/crmncollection.com\/sk\/wp-json\/wp\/v2\/media?parent=8862"}],"wp:term":[{"taxonomy":"product_brand","embeddable":true,"href":"https:\/\/crmncollection.com\/sk\/wp-json\/wp\/v2\/product_brand?post=8862"},{"taxonomy":"product_cat","embeddable":true,"href":"https:\/\/crmncollection.com\/sk\/wp-json\/wp\/v2\/product_cat?post=8862"},{"taxonomy":"product_tag","embeddable":true,"href":"https:\/\/crmncollection.com\/sk\/wp-json\/wp\/v2\/product_tag?post=8862"}],"curies":[{"name":"wp","href":"https:\/\/api.w.org\/{rel}","templated":true}]}}