{"id":8864,"date":"2024-10-09T10:20:10","date_gmt":"2024-10-09T08:20:10","guid":{"rendered":"https:\/\/crmncollection.com\/?post_type=product&#038;p=8864"},"modified":"2025-10-13T06:12:05","modified_gmt":"2025-10-13T04:12:05","slug":"zani-trousers","status":"publish","type":"product","link":"https:\/\/crmncollection.com\/sk\/produkt\/zani-trousers\/","title":{"rendered":"Hodv\u00e1bny Nohavicov\u00fd Set s Vestou  ZANI"},"content":{"rendered":"<h6>Modelka m\u00e1 ve\u013ekos\u0165 M a v\u00fd\u0161ku 172cm<\/h6>\n<h6>Ak chcete zmeni\u0165 d\u013a\u017eku nohav\u00edc, nap\u00ed\u0161te to do pozn\u00e1mky. Tie\u017e obvod p\u00e1sa<\/h6>\n<h6>Doba dodania je do 14 dn\u00ed<\/h6>\n","protected":false},"excerpt":{"rendered":"<p>Nohavicov\u00fd hodv\u00e1bny set ZANI je z elegantn\u00e9ho armani silku s jemn\u00fd odleskom, man\u017eetou lemovanou leskl\u00fdm p\u00e1som. Vesta je tvarovan\u00e1, pod\u0161it\u00e1, v \u0161t\u00fdle oblekovej vesty. Gomb\u00edky m\u00e1 vo farbe ru\u017eov\u00e9ho zlata, vzadu s\u0165ahovaciu sponu. Vreck\u00e1 ako aj ramen\u00e1 s\u00fa lemovan\u00e9 lesklou \u010diernou s vestou vytv\u00e1raj\u00fa ve\u013emi \u017eensk\u00fd oblek. Cel\u00fd tento set je elegantn\u00fd, \u0161t\u00fdlov\u00fd, vhodn\u00fd na viacero pr\u00edle\u017eitosti.<\/p>\n","protected":false},"featured_media":9503,"comment_status":"closed","ping_status":"closed","template":"","meta":[],"product_brand":[],"product_cat":[123,121],"product_tag":[],"class_list":{"0":"post-8864","1":"product","2":"type-product","3":"status-publish","4":"has-post-thumbnail","6":"product_cat-sety","7":"product_cat-nohavice","9":"first","10":"outofstock","11":"taxable","12":"shipping-taxable","13":"purchasable","14":"product-type-variable"},"_links":{"self":[{"href":"https:\/\/crmncollection.com\/sk\/wp-json\/wp\/v2\/product\/8864","targetHints":{"allow":["GET"]}}],"collection":[{"href":"https:\/\/crmncollection.com\/sk\/wp-json\/wp\/v2\/product"}],"about":[{"href":"https:\/\/crmncollection.com\/sk\/wp-json\/wp\/v2\/types\/product"}],"replies":[{"embeddable":true,"href":"https:\/\/crmncollection.com\/sk\/wp-json\/wp\/v2\/comments?post=8864"}],"wp:featuredmedia":[{"embeddable":true,"href":"https:\/\/crmncollection.com\/sk\/wp-json\/wp\/v2\/media\/9503"}],"wp:attachment":[{"href":"https:\/\/crmncollection.com\/sk\/wp-json\/wp\/v2\/media?parent=8864"}],"wp:term":[{"taxonomy":"product_brand","embeddable":true,"href":"https:\/\/crmncollection.com\/sk\/wp-json\/wp\/v2\/product_brand?post=8864"},{"taxonomy":"product_cat","embeddable":true,"href":"https:\/\/crmncollection.com\/sk\/wp-json\/wp\/v2\/product_cat?post=8864"},{"taxonomy":"product_tag","embeddable":true,"href":"https:\/\/crmncollection.com\/sk\/wp-json\/wp\/v2\/product_tag?post=8864"}],"curies":[{"name":"wp","href":"https:\/\/api.w.org\/{rel}","templated":true}]}}