{"id":8956,"date":"2024-10-14T04:35:07","date_gmt":"2024-10-14T02:35:07","guid":{"rendered":"https:\/\/crmncollection.com\/?post_type=product&#038;p=8956"},"modified":"2025-04-24T07:21:08","modified_gmt":"2025-04-24T05:21:08","slug":"cherri","status":"publish","type":"product","link":"https:\/\/crmncollection.com\/sk\/produkt\/cherri\/","title":{"rendered":"\u013danov\u00fd Set CHERRI"},"content":{"rendered":"<h6>Modelka m\u00e1 ve\u013ekos\u0165 M a v\u00fd\u0161ku 172 cm<\/h6>\n<h6><\/h6>\n<h6>Doba dodania do 14 pracovn\u00fdch dn\u00ed<\/h6>\n","protected":false},"excerpt":{"rendered":"<p>Ko\u0161e\u013ea na gomb\u00edky s 3\/4 ruk\u00e1vom a kra\u0165asy s man\u017eetou a v\u00fdraznou prirodnou \u0161n\u00farou v p\u00e1se. \u013danov\u00fd set so zauj\u00edmav\u00fdmi detailmi m\u00e1 n\u00e1zov CHERRI kv\u00f4li jej zauj\u00edmavej farbe<\/p>\n","protected":false},"featured_media":8774,"comment_status":"closed","ping_status":"closed","template":"","meta":[],"product_brand":[],"product_cat":[123,238,217],"product_tag":[],"class_list":{"0":"post-8956","1":"product","2":"type-product","3":"status-publish","4":"has-post-thumbnail","6":"product_cat-sety","7":"product_cat-kosele","8":"product_cat-kratasy","10":"first","11":"outofstock","12":"taxable","13":"shipping-taxable","14":"purchasable","15":"product-type-variable"},"_links":{"self":[{"href":"https:\/\/crmncollection.com\/sk\/wp-json\/wp\/v2\/product\/8956","targetHints":{"allow":["GET"]}}],"collection":[{"href":"https:\/\/crmncollection.com\/sk\/wp-json\/wp\/v2\/product"}],"about":[{"href":"https:\/\/crmncollection.com\/sk\/wp-json\/wp\/v2\/types\/product"}],"replies":[{"embeddable":true,"href":"https:\/\/crmncollection.com\/sk\/wp-json\/wp\/v2\/comments?post=8956"}],"wp:featuredmedia":[{"embeddable":true,"href":"https:\/\/crmncollection.com\/sk\/wp-json\/wp\/v2\/media\/8774"}],"wp:attachment":[{"href":"https:\/\/crmncollection.com\/sk\/wp-json\/wp\/v2\/media?parent=8956"}],"wp:term":[{"taxonomy":"product_brand","embeddable":true,"href":"https:\/\/crmncollection.com\/sk\/wp-json\/wp\/v2\/product_brand?post=8956"},{"taxonomy":"product_cat","embeddable":true,"href":"https:\/\/crmncollection.com\/sk\/wp-json\/wp\/v2\/product_cat?post=8956"},{"taxonomy":"product_tag","embeddable":true,"href":"https:\/\/crmncollection.com\/sk\/wp-json\/wp\/v2\/product_tag?post=8956"}],"curies":[{"name":"wp","href":"https:\/\/api.w.org\/{rel}","templated":true}]}}