{"id":8973,"date":"2024-10-14T05:21:53","date_gmt":"2024-10-14T03:21:53","guid":{"rendered":"https:\/\/crmncollection.com\/?post_type=product&#038;p=8973"},"modified":"2025-09-16T10:20:57","modified_gmt":"2025-09-16T08:20:57","slug":"romis","status":"publish","type":"product","link":"https:\/\/crmncollection.com\/sk\/produkt\/romis\/","title":{"rendered":"Hodv\u00e1bne \u0160aty ROMIS"},"content":{"rendered":"<h6>Modelka m\u00e1 ve\u013ekos\u0165 M a v\u00fd\u0161ku 172 cm<\/h6>\n<h6>Do pozn\u00e1mky nap\u00ed\u0161te obvod hrudn\u00edka a bokov<\/h6>\n<h6>Doba dodania do 14 dn\u00ed<\/h6>\n","protected":false},"excerpt":{"rendered":"<p class=\"p1\"><b>Minimalizmus, ktor\u00fd \u017eiari.<\/b><b><\/b><\/p>\n<p class=\"p1\">Tieto hodv\u00e1bne \u0161aty v odtieni jemnej b\u00e9\u017eovej s\u00fa dokonal\u00fdm spojen\u00edm jednoduchosti a noblesy. \u013dahk\u00fd lesk Armani hodv\u00e1bu a tenk\u00e9 zlat\u00e9 ramienka vytv\u00e1raj\u00fa rafinovan\u00fd, \u017eensk\u00fd look \u2013 ide\u00e1lny na ve\u010der, eventy alebo elegantn\u00e9 letn\u00e9 chv\u00edle. \u0160aty, v ktor\u00fdch vynikne\u0161 bez jedin\u00e9ho slova.<\/p>\n","protected":false},"featured_media":8756,"comment_status":"closed","ping_status":"closed","template":"","meta":[],"product_brand":[],"product_cat":[35],"product_tag":[],"class_list":{"0":"post-8973","1":"product","2":"type-product","3":"status-publish","4":"has-post-thumbnail","6":"product_cat-saty","8":"first","9":"outofstock","10":"taxable","11":"shipping-taxable","12":"purchasable","13":"product-type-variable"},"_links":{"self":[{"href":"https:\/\/crmncollection.com\/sk\/wp-json\/wp\/v2\/product\/8973","targetHints":{"allow":["GET"]}}],"collection":[{"href":"https:\/\/crmncollection.com\/sk\/wp-json\/wp\/v2\/product"}],"about":[{"href":"https:\/\/crmncollection.com\/sk\/wp-json\/wp\/v2\/types\/product"}],"replies":[{"embeddable":true,"href":"https:\/\/crmncollection.com\/sk\/wp-json\/wp\/v2\/comments?post=8973"}],"wp:featuredmedia":[{"embeddable":true,"href":"https:\/\/crmncollection.com\/sk\/wp-json\/wp\/v2\/media\/8756"}],"wp:attachment":[{"href":"https:\/\/crmncollection.com\/sk\/wp-json\/wp\/v2\/media?parent=8973"}],"wp:term":[{"taxonomy":"product_brand","embeddable":true,"href":"https:\/\/crmncollection.com\/sk\/wp-json\/wp\/v2\/product_brand?post=8973"},{"taxonomy":"product_cat","embeddable":true,"href":"https:\/\/crmncollection.com\/sk\/wp-json\/wp\/v2\/product_cat?post=8973"},{"taxonomy":"product_tag","embeddable":true,"href":"https:\/\/crmncollection.com\/sk\/wp-json\/wp\/v2\/product_tag?post=8973"}],"curies":[{"name":"wp","href":"https:\/\/api.w.org\/{rel}","templated":true}]}}