{"id":9727,"date":"2025-06-02T15:04:26","date_gmt":"2025-06-02T13:04:26","guid":{"rendered":"https:\/\/crmncollection.com\/product\/overal-lia\/"},"modified":"2025-09-16T10:53:52","modified_gmt":"2025-09-16T08:53:52","slug":"cierny-hodvabny-overal-armani-s-priehladnou-cipkou","status":"publish","type":"product","link":"https:\/\/crmncollection.com\/sk\/produkt\/cierny-hodvabny-overal-armani-s-priehladnou-cipkou\/","title":{"rendered":"Over\u00e1l LIA"},"content":{"rendered":"<h6>Modelka m\u00e1 ve\u013ekos\u0165 S-M a je 172 cm vysok\u00e1<\/h6>\n<h6>Do pozn\u00e1mky nap\u00ed\u0161te svoju v\u00fd\u0161ku<\/h6>\n","protected":false},"excerpt":{"rendered":"<p>&nbsp;<\/p>\n<p><strong>Black Armani Silk Jumpsuit with Sheer Lace Details<\/strong><br \/>\n\u010cierny hodv\u00e1bny overal Armani s detailmi prieh\u013eadnej \u010dipky<br \/>\nNen\u00e1padne elegantn\u00fd s n\u00e1dychom zmyselnosti. Tento nadrozmern\u00fd \u010dierny overal, vyroben\u00fd z luxusn\u00e9ho hodv\u00e1bu Armani, sa vyzna\u010duje jemn\u00fdmi prieh\u013eadn\u00fdmi \u010dipkovan\u00fdmi panelmi po bokoch, ktor\u00e9 dod\u00e1vaj\u00fa rafinovan\u00fd, \u017eensk\u00fd n\u00e1dych. Siluetu je mo\u017en\u00e9 v p\u00e1se stiahnu\u0165 pomocou zladen\u00e9ho opasku, \u010d\u00edm sa vytvor\u00ed v\u00fdraznej\u0161\u00ed tvar. Ide\u00e1lny na ve\u010dern\u00e9 pr\u00edle\u017eitosti, \u0161peci\u00e1lne udalosti alebo kedyko\u013evek, ke\u010f chcete vynikn\u00fa\u0165 s gr\u00e1ciou a \u013eahkos\u0165ou.<\/p>\n<p>&nbsp;<\/p>\n","protected":false},"featured_media":9724,"comment_status":"closed","ping_status":"closed","template":"","meta":[],"product_brand":[],"product_cat":[33],"product_tag":[],"class_list":{"0":"post-9727","1":"product","2":"type-product","3":"status-publish","4":"has-post-thumbnail","6":"product_cat-overaly","8":"first","9":"outofstock","10":"taxable","11":"shipping-taxable","12":"purchasable","13":"product-type-variable"},"_links":{"self":[{"href":"https:\/\/crmncollection.com\/sk\/wp-json\/wp\/v2\/product\/9727","targetHints":{"allow":["GET"]}}],"collection":[{"href":"https:\/\/crmncollection.com\/sk\/wp-json\/wp\/v2\/product"}],"about":[{"href":"https:\/\/crmncollection.com\/sk\/wp-json\/wp\/v2\/types\/product"}],"replies":[{"embeddable":true,"href":"https:\/\/crmncollection.com\/sk\/wp-json\/wp\/v2\/comments?post=9727"}],"wp:featuredmedia":[{"embeddable":true,"href":"https:\/\/crmncollection.com\/sk\/wp-json\/wp\/v2\/media\/9724"}],"wp:attachment":[{"href":"https:\/\/crmncollection.com\/sk\/wp-json\/wp\/v2\/media?parent=9727"}],"wp:term":[{"taxonomy":"product_brand","embeddable":true,"href":"https:\/\/crmncollection.com\/sk\/wp-json\/wp\/v2\/product_brand?post=9727"},{"taxonomy":"product_cat","embeddable":true,"href":"https:\/\/crmncollection.com\/sk\/wp-json\/wp\/v2\/product_cat?post=9727"},{"taxonomy":"product_tag","embeddable":true,"href":"https:\/\/crmncollection.com\/sk\/wp-json\/wp\/v2\/product_tag?post=9727"}],"curies":[{"name":"wp","href":"https:\/\/api.w.org\/{rel}","templated":true}]}}